{"id":524,"date":"2019-02-22T12:50:35","date_gmt":"2019-02-22T08:50:35","guid":{"rendered":"https:\/\/nomadatoursdubai.com\/privacy-policy\/"},"modified":"2024-07-08T14:40:48","modified_gmt":"2024-07-08T10:40:48","slug":"about-us","status":"publish","type":"page","link":"https:\/\/reytourism.com\/es\/about-us\/","title":{"rendered":"Quienes Somos"},"content":{"rendered":"\t\t<div data-elementor-type=\"wp-post\" data-elementor-id=\"524\" class=\"elementor elementor-524 elementor-3\">\n\t\t\t\t\t\t<section class=\"elementor-section elementor-top-section elementor-element elementor-element-48fbcb6 elementor-section-full_width section section-xl bg-default text-left elementor-section-height-default elementor-section-height-default\" data-id=\"48fbcb6\" data-element_type=\"section\" data-e-type=\"section\">\n\t\t\t\t\t\t<div class=\"elementor-container elementor-column-gap-no\">\n\t\t\t\t\t<div class=\"elementor-column elementor-col-100 elementor-top-column elementor-element elementor-element-7a3462a\" data-id=\"7a3462a\" data-element_type=\"column\" data-e-type=\"column\">\n\t\t\t<div class=\"elementor-widget-wrap elementor-element-populated\">\n\t\t\t\t\t\t<section class=\"elementor-section elementor-inner-section elementor-element elementor-element-db6175d elementor-section-boxed elementor-section-height-default elementor-section-height-default\" data-id=\"db6175d\" data-element_type=\"section\" data-e-type=\"section\">\n\t\t\t\t\t\t<div class=\"elementor-container elementor-column-gap-default\">\n\t\t\t\t\t<div class=\"elementor-column elementor-col-100 elementor-inner-column elementor-element elementor-element-1c95357\" data-id=\"1c95357\" data-element_type=\"column\" data-e-type=\"column\">\n\t\t\t<div class=\"elementor-widget-wrap elementor-element-populated\">\n\t\t\t\t\t\t<div class=\"elementor-element elementor-element-7d87277 elementor-widget elementor-widget-heading\" data-id=\"7d87277\" data-element_type=\"widget\" data-e-type=\"widget\" data-widget_type=\"heading.default\">\n\t\t\t\t<div class=\"elementor-widget-container\">\n\t\t\t\t\t<h2 class=\"elementor-heading-title elementor-size-default\">Rey Tourism<\/h2>\t\t\t\t<\/div>\n\t\t\t\t<\/div>\n\t\t\t\t<div class=\"elementor-element elementor-element-263c168 elementor-widget elementor-widget-text-editor\" data-id=\"263c168\" data-element_type=\"widget\" data-e-type=\"widget\" data-widget_type=\"text-editor.default\">\n\t\t\t\t<div class=\"elementor-widget-container\">\n\t\t\t\t\t\t\t\t\t<p>Somos una agencia de viajes en los Emiratos \u00c1rabes Unidos especializados en ofrecer un servicio de alta calidad, nuestro equipo de trabajo cuenta con una vasta experiencia en el sector tur\u00edstico. Contamos con profesionales altamente capacitados y multiling\u00fces, que atender\u00e1n siempre sus solicitudes con un amplio horario de atenci\u00f3n.<\/p><p><strong>Nuestro servicio<\/strong><\/p><p>Todas nuestras ofertas se elaboran a trav\u00e9s de una cuidadosa selecci\u00f3n de hoteles y de prestadores de servicios; ofrecemos excelentes tarifas y servicio de calidad. Somos especialistas en FIT, Incentivos, grupos, eventos, viajes de negocios, clientes VIP, traslados privados. Les ofrecemos asesor\u00eda en el armado de sus programas para un servicio personalizado. Nuestro equipo de trabajo cuenta con personal profesional y gu\u00edas especializados en espa\u00f1ol, ingl\u00e9s, italiano y portugu\u00e9s.<br \/>Tel\u00e9fono de atenci\u00f3n urgente con servicio las 24 horas, los 7 d\u00edas de la semana.<\/p><p><strong>Nuestro compromiso<\/strong><\/p><p>Sabemos que viajar es una de las experiencias m\u00e1s extraordinarias del mundo, por tanto, nos comprometemos a ofrecerles un servicio de calidad y buen precio para que los clientes solo se preocupen de disfrutar al m\u00e1ximo su estancia.<\/p><p>Ubicaci\u00f3n<br \/>Oficina 804,<br \/>Saeed Tower 2,<br \/>Sheikh Zayed Rd,<br \/>Dubai &#8211; UAE<\/p><p>Informes y reservas<br \/><a href=\"mailto:info@nomadatoursdubai.com\">Reservation@reytourism.com<\/a><\/p><p>Apreciamos su confianza, y estamos abiertos a todas sus amables sugerencias<\/p>\t\t\t\t\t\t\t\t<\/div>\n\t\t\t\t<\/div>\n\t\t\t\t\t<\/div>\n\t\t<\/div>\n\t\t\t\t\t<\/div>\n\t\t<\/section>\n\t\t\t\t\t<\/div>\n\t\t<\/div>\n\t\t\t\t\t<\/div>\n\t\t<\/section>\n\t\t\t\t<\/div>\n\t\t","protected":false},"excerpt":{"rendered":"<p>Rey Tourism Somos una agencia de viajes en los Emiratos \u00c1rabes Unidos especializados en ofrecer un servicio de alta calidad, nuestro equipo de trabajo cuenta con una vasta experiencia en el sector tur\u00edstico. Contamos con profesionales altamente capacitados y multiling\u00fces,&hellip;<\/p>\n","protected":false},"author":1,"featured_media":0,"parent":0,"menu_order":0,"comment_status":"closed","ping_status":"closed","template":"","meta":{"footnotes":""},"class_list":["post-524","page","type-page","status-publish","hentry","entry","no-media"],"_links":{"self":[{"href":"https:\/\/reytourism.com\/es\/wp-json\/wp\/v2\/pages\/524","targetHints":{"allow":["GET"]}}],"collection":[{"href":"https:\/\/reytourism.com\/es\/wp-json\/wp\/v2\/pages"}],"about":[{"href":"https:\/\/reytourism.com\/es\/wp-json\/wp\/v2\/types\/page"}],"author":[{"embeddable":true,"href":"https:\/\/reytourism.com\/es\/wp-json\/wp\/v2\/users\/1"}],"replies":[{"embeddable":true,"href":"https:\/\/reytourism.com\/es\/wp-json\/wp\/v2\/comments?post=524"}],"version-history":[{"count":3,"href":"https:\/\/reytourism.com\/es\/wp-json\/wp\/v2\/pages\/524\/revisions"}],"predecessor-version":[{"id":2151,"href":"https:\/\/reytourism.com\/es\/wp-json\/wp\/v2\/pages\/524\/revisions\/2151"}],"wp:attachment":[{"href":"https:\/\/reytourism.com\/es\/wp-json\/wp\/v2\/media?parent=524"}],"curies":[{"name":"wp","href":"https:\/\/api.w.org\/{rel}","templated":true}]}}