{"id":525,"date":"2019-02-22T12:50:35","date_gmt":"2019-02-22T08:50:35","guid":{"rendered":"https:\/\/nomadatoursdubai.com\/privacy-policy\/"},"modified":"2024-07-08T14:05:13","modified_gmt":"2024-07-08T10:05:13","slug":"about-us","status":"publish","type":"page","link":"https:\/\/reytourism.com\/it\/about-us\/","title":{"rendered":"Chi Siamo"},"content":{"rendered":"\t\t<div data-elementor-type=\"wp-post\" data-elementor-id=\"525\" class=\"elementor elementor-525 elementor-3\">\n\t\t\t\t\t\t<section class=\"elementor-section elementor-top-section elementor-element elementor-element-34bbc06 elementor-section-full_width section section-xl bg-default text-left elementor-section-height-default elementor-section-height-default\" data-id=\"34bbc06\" data-element_type=\"section\" data-e-type=\"section\">\n\t\t\t\t\t\t<div class=\"elementor-container elementor-column-gap-no\">\n\t\t\t\t\t<div class=\"elementor-column elementor-col-100 elementor-top-column elementor-element elementor-element-9abe1d6\" data-id=\"9abe1d6\" data-element_type=\"column\" data-e-type=\"column\">\n\t\t\t<div class=\"elementor-widget-wrap elementor-element-populated\">\n\t\t\t\t\t\t<section class=\"elementor-section elementor-inner-section elementor-element elementor-element-7069e1b elementor-section-boxed elementor-section-height-default elementor-section-height-default\" data-id=\"7069e1b\" data-element_type=\"section\" data-e-type=\"section\">\n\t\t\t\t\t\t<div class=\"elementor-container elementor-column-gap-default\">\n\t\t\t\t\t<div class=\"elementor-column elementor-col-100 elementor-inner-column elementor-element elementor-element-388a07a\" data-id=\"388a07a\" data-element_type=\"column\" data-e-type=\"column\">\n\t\t\t<div class=\"elementor-widget-wrap elementor-element-populated\">\n\t\t\t\t\t\t<div class=\"elementor-element elementor-element-3be4bee elementor-widget elementor-widget-heading\" data-id=\"3be4bee\" data-element_type=\"widget\" data-e-type=\"widget\" data-widget_type=\"heading.default\">\n\t\t\t\t<div class=\"elementor-widget-container\">\n\t\t\t\t\t<h2 class=\"elementor-heading-title elementor-size-default\">Rey Tourism<\/h2>\t\t\t\t<\/div>\n\t\t\t\t<\/div>\n\t\t\t\t<div class=\"elementor-element elementor-element-b28b236 elementor-widget elementor-widget-text-editor\" data-id=\"b28b236\" data-element_type=\"widget\" data-e-type=\"widget\" data-widget_type=\"text-editor.default\">\n\t\t\t\t<div class=\"elementor-widget-container\">\n\t\t\t\t\t\t\t\t\t<p>Siamo una agenzia di viaggi negli Emirati Arabi Uniti specializzata in ofrire un servizio di qualita, il nostro team ha una vasta esperienza nel settore del turismo sia nella regione che all&#8217;estero. Disponiamo di professionisti altamente qualificati e multilingue, che risponderanno sempre alle vostre richieste<\/p><p><strong>Il nostro servizio<\/strong><\/p><p>Tutte le nostre offerte sono fatte attraverso un&#8217;attenta selezione di hotel e fornitori di servizi, offriamo tariffe eccellenti e un servizio di qualit\u00e0. Siamo specialisti in FIT, Incentivi, gruppi, eventi, viaggi d&#8217;affari, clienti VIP, trasferimenti privati. Offriamo consulenza sulla configurazione dei programmi per un servizio personalizzato. Il nostro team dispone di personale professionale e guide specializzate in spagnolo, inglese, italiano e portoghese.<br \/>Telefono urgente con assistenza 24 ore al giorno, 7 giorni alla settimana.<\/p><p><strong>Il nostro impegno<\/strong><\/p><p>Sappiamo che viaggiare \u00e8 una delle esperienze pi\u00f9 straordinarie al mondo, quindi ci impegniamo a offrire un servizio di qualit\u00e0 e un buon prezzo in modo che i clienti si preoccupino solo di godersi la loro permanenza al massimo.<\/p><p>Ubicazione<br \/>Office 804,<br \/>Saeed Tower 2,<br \/>Sheikh Zayed Rd,<br \/>Dubai &#8211; Emirati Arabi Uniti<\/p><p>Rapporti e prenotazioni<br \/><a href=\"mailto:Reservation@reytourism.com\">Reservation@reytourism.com<\/a><\/p><p>Apprezziamo la vostra fiducia e siamo aperti a tutti i vostri suggerimenti<\/p>\t\t\t\t\t\t\t\t<\/div>\n\t\t\t\t<\/div>\n\t\t\t\t\t<\/div>\n\t\t<\/div>\n\t\t\t\t\t<\/div>\n\t\t<\/section>\n\t\t\t\t\t<\/div>\n\t\t<\/div>\n\t\t\t\t\t<\/div>\n\t\t<\/section>\n\t\t\t\t<\/div>\n\t\t","protected":false},"excerpt":{"rendered":"<p>Rey Tourism Siamo una agenzia di viaggi negli Emirati Arabi Uniti specializzata in ofrire un servizio di qualita, il nostro team ha una vasta esperienza nel settore del turismo sia nella regione che all&#8217;estero. Disponiamo di professionisti altamente qualificati e&hellip;<\/p>\n","protected":false},"author":1,"featured_media":0,"parent":0,"menu_order":0,"comment_status":"closed","ping_status":"closed","template":"","meta":{"footnotes":""},"class_list":["post-525","page","type-page","status-publish","hentry","entry","no-media"],"_links":{"self":[{"href":"https:\/\/reytourism.com\/it\/wp-json\/wp\/v2\/pages\/525","targetHints":{"allow":["GET"]}}],"collection":[{"href":"https:\/\/reytourism.com\/it\/wp-json\/wp\/v2\/pages"}],"about":[{"href":"https:\/\/reytourism.com\/it\/wp-json\/wp\/v2\/types\/page"}],"author":[{"embeddable":true,"href":"https:\/\/reytourism.com\/it\/wp-json\/wp\/v2\/users\/1"}],"replies":[{"embeddable":true,"href":"https:\/\/reytourism.com\/it\/wp-json\/wp\/v2\/comments?post=525"}],"version-history":[{"count":3,"href":"https:\/\/reytourism.com\/it\/wp-json\/wp\/v2\/pages\/525\/revisions"}],"predecessor-version":[{"id":2135,"href":"https:\/\/reytourism.com\/it\/wp-json\/wp\/v2\/pages\/525\/revisions\/2135"}],"wp:attachment":[{"href":"https:\/\/reytourism.com\/it\/wp-json\/wp\/v2\/media?parent=525"}],"curies":[{"name":"wp","href":"https:\/\/api.w.org\/{rel}","templated":true}]}}