{"id":523,"date":"2019-02-22T12:50:35","date_gmt":"2019-02-22T08:50:35","guid":{"rendered":"https:\/\/nomadatoursdubai.com\/privacy-policy\/"},"modified":"2024-07-08T14:25:38","modified_gmt":"2024-07-08T10:25:38","slug":"about-us","status":"publish","type":"page","link":"https:\/\/reytourism.com\/pt-pt\/about-us\/","title":{"rendered":"Sobre n\u00f3s"},"content":{"rendered":"\t\t<div data-elementor-type=\"wp-post\" data-elementor-id=\"523\" class=\"elementor elementor-523 elementor-3\">\n\t\t\t\t\t\t<section class=\"elementor-section elementor-top-section elementor-element elementor-element-8c1a136 elementor-section-full_width section section-xl bg-default text-left elementor-section-height-default elementor-section-height-default\" data-id=\"8c1a136\" data-element_type=\"section\" data-e-type=\"section\">\n\t\t\t\t\t\t<div class=\"elementor-container elementor-column-gap-no\">\n\t\t\t\t\t<div class=\"elementor-column elementor-col-100 elementor-top-column elementor-element elementor-element-4449f26\" data-id=\"4449f26\" data-element_type=\"column\" data-e-type=\"column\">\n\t\t\t<div class=\"elementor-widget-wrap elementor-element-populated\">\n\t\t\t\t\t\t<section class=\"elementor-section elementor-inner-section elementor-element elementor-element-e0192a5 elementor-section-boxed elementor-section-height-default elementor-section-height-default\" data-id=\"e0192a5\" data-element_type=\"section\" data-e-type=\"section\">\n\t\t\t\t\t\t<div class=\"elementor-container elementor-column-gap-default\">\n\t\t\t\t\t<div class=\"elementor-column elementor-col-100 elementor-inner-column elementor-element elementor-element-a181c00\" data-id=\"a181c00\" data-element_type=\"column\" data-e-type=\"column\">\n\t\t\t<div class=\"elementor-widget-wrap elementor-element-populated\">\n\t\t\t\t\t\t<div class=\"elementor-element elementor-element-5f7fb83 elementor-widget elementor-widget-heading\" data-id=\"5f7fb83\" data-element_type=\"widget\" data-e-type=\"widget\" data-widget_type=\"heading.default\">\n\t\t\t\t<div class=\"elementor-widget-container\">\n\t\t\t\t\t<h2 class=\"elementor-heading-title elementor-size-default\">Rey Tourism<\/h2>\t\t\t\t<\/div>\n\t\t\t\t<\/div>\n\t\t\t\t<div class=\"elementor-element elementor-element-50cddf5 elementor-widget elementor-widget-text-editor\" data-id=\"50cddf5\" data-element_type=\"widget\" data-e-type=\"widget\" data-widget_type=\"text-editor.default\">\n\t\t\t\t<div class=\"elementor-widget-container\">\n\t\t\t\t\t\t\t\t\t<p><strong>Quem somos:<\/strong><br \/>Ag\u00eancia de turismo localizada em Dubai, nos Emirados \u00c1rabes Unidos.<br \/>Especializada em receptivo para empresas, grupos e individual.<br \/>Comodidade e qualidade \u00e9 a nossa prioridade, com tarifas e condi\u00e7\u00f5es especiais.<br \/>Acreditamos que viajar \u00e9 transformar sonhos em momentos e experi\u00eancias inesquec\u00edveis por isso, tudo tem que ser f\u00e1cil e tranquilo.<\/p><p>Nossa estrutura \u00e9 formada por uma equipe de profissionais experientes, que tem o compromisso com a excel\u00eancia e \u00e9 apaixonada em receber pessoas de todo mundo,. Nosso objetivo \u00e8 atender suas necessidade antes e durante a estadia nos Emirados \u00c1rabes Unidos com seriedade e respeito.<\/p><p>Oferecemos as melhores op\u00e7\u00f5es em hospedagem, mobilidade, entretenimento, cultura, lazer e restaurantes seja para viagens de turismo e neg\u00f3cios.<\/p><p><strong>Servi\u00e7os oferecidos<\/strong><br \/>&#8211; Reserva de hot\u00e9is nos Emirados \u00c1rabes Unidos\u00a0<br \/>&#8211; Roteiro personalizado para grupos de excurs\u00e3o e individual<br \/>&#8211; Organizamos grupos de incentivos e eventos<br \/>&#8211; Translado<br \/>&#8211; Emiss\u00e3o de visto<br \/>&#8211; Guias bilingui (ingl\u00eas, \u00e1rabe, portugu\u00eas, espanho,Italianol)<\/p>\t\t\t\t\t\t\t\t<\/div>\n\t\t\t\t<\/div>\n\t\t\t\t\t<\/div>\n\t\t<\/div>\n\t\t\t\t\t<\/div>\n\t\t<\/section>\n\t\t\t\t\t<\/div>\n\t\t<\/div>\n\t\t\t\t\t<\/div>\n\t\t<\/section>\n\t\t\t\t<\/div>\n\t\t","protected":false},"excerpt":{"rendered":"<p>Rey Tourism Quem somos:Ag\u00eancia de turismo localizada em Dubai, nos Emirados \u00c1rabes Unidos.Especializada em receptivo para empresas, grupos e individual.Comodidade e qualidade \u00e9 a nossa prioridade, com tarifas e condi\u00e7\u00f5es especiais.Acreditamos que viajar \u00e9 transformar sonhos em momentos e experi\u00eancias&hellip;<\/p>\n","protected":false},"author":1,"featured_media":0,"parent":0,"menu_order":0,"comment_status":"closed","ping_status":"closed","template":"","meta":{"footnotes":""},"class_list":["post-523","page","type-page","status-publish","hentry","entry","no-media"],"_links":{"self":[{"href":"https:\/\/reytourism.com\/pt-pt\/wp-json\/wp\/v2\/pages\/523","targetHints":{"allow":["GET"]}}],"collection":[{"href":"https:\/\/reytourism.com\/pt-pt\/wp-json\/wp\/v2\/pages"}],"about":[{"href":"https:\/\/reytourism.com\/pt-pt\/wp-json\/wp\/v2\/types\/page"}],"author":[{"embeddable":true,"href":"https:\/\/reytourism.com\/pt-pt\/wp-json\/wp\/v2\/users\/1"}],"replies":[{"embeddable":true,"href":"https:\/\/reytourism.com\/pt-pt\/wp-json\/wp\/v2\/comments?post=523"}],"version-history":[{"count":3,"href":"https:\/\/reytourism.com\/pt-pt\/wp-json\/wp\/v2\/pages\/523\/revisions"}],"predecessor-version":[{"id":2142,"href":"https:\/\/reytourism.com\/pt-pt\/wp-json\/wp\/v2\/pages\/523\/revisions\/2142"}],"wp:attachment":[{"href":"https:\/\/reytourism.com\/pt-pt\/wp-json\/wp\/v2\/media?parent=523"}],"curies":[{"name":"wp","href":"https:\/\/api.w.org\/{rel}","templated":true}]}}